{"id":12,"date":"2020-03-05T21:58:17","date_gmt":"2020-03-05T21:58:17","guid":{"rendered":"https:\/\/www.kanzlei-arete.de\/?page_id=12"},"modified":"2026-02-19T12:01:17","modified_gmt":"2026-02-19T12:01:17","slug":"anwaeltin","status":"publish","type":"page","link":"https:\/\/www.kanzlei-arete.de\/de\/anwaeltin\/","title":{"rendered":"Anw\u00e4ltin"},"content":{"rendered":"<h3>Rechtsanw\u00e4ltin Karen Sokoll, LLM (London)<\/h3>\n<p>&nbsp;<\/p>\n<p>&nbsp;<\/p>\n<p>Meinen Lebenslauf k\u00f6nnen Sie <a href=\"https:\/\/www.kanzlei-arete.de\/de\/wp-content\/uploads\/sites\/6\/2020\/09\/RAin_Karen_Sokoll_LLM_CV.pdf\" target=\"_blank\" rel=\"noopener noreferrer\"><strong>hier<\/strong><\/a> abrufen.<\/p>\n<p>&nbsp;<\/p>\n<p>Eine Liste meiner Ver\u00f6ffentlichungen k\u00f6nnen Sie <a href=\"https:\/\/www.kanzlei-arete.de\/de\/wp-content\/uploads\/sites\/6\/2024\/08\/Veroeffentlichungen_Stand-2024.pdf\" target=\"_blank\" rel=\"noopener noreferrer\"><strong>hier<\/strong><\/a> abrufen.<\/p>\n<p>&nbsp;<\/p>\n<p>Ich bin Mitglied der Gesellschaft f\u00fcr Datenschutz und Datensicherheit e.V. (GDD).<\/p>\n<p>&nbsp;<\/p>\n<p>&nbsp;<\/p>\n<p>&nbsp;<\/p>\n<p>&nbsp;<\/p>\n","protected":false},"excerpt":{"rendered":"<p>Rechtsanw\u00e4ltin Karen Sokoll, LLM (London) &nbsp; &nbsp; Meinen Lebenslauf k\u00f6nnen Sie hier abrufen. &nbsp; Eine Liste meiner Ver\u00f6ffentlichungen k\u00f6nnen Sie hier abrufen. &nbsp; Ich bin Mitglied der Gesellschaft f\u00fcr Datenschutz und Datensicherheit e.V. (GDD). &nbsp; &nbsp; &nbsp; &nbsp;<\/p>\n","protected":false},"author":1,"featured_media":0,"parent":0,"menu_order":0,"comment_status":"closed","ping_status":"closed","template":"","meta":{"footnotes":""},"class_list":["post-12","page","type-page","status-publish","hentry"],"yoast_head":"<!-- This site is optimized with the Yoast SEO plugin v27.4 - https:\/\/yoast.com\/product\/yoast-seo-wordpress\/ -->\n<title>Anw\u00e4ltin - ARET\u00c9 | Kanzlei f\u00fcr Datenschutzrecht<\/title>\n<meta name=\"robots\" content=\"index, follow, max-snippet:-1, max-image-preview:large, max-video-preview:-1\" \/>\n<link rel=\"canonical\" href=\"https:\/\/www.kanzlei-arete.de\/de\/anwaeltin\/\" \/>\n<meta property=\"og:locale\" content=\"de_DE\" \/>\n<meta property=\"og:type\" content=\"article\" \/>\n<meta property=\"og:title\" content=\"Anw\u00e4ltin - ARET\u00c9 | Kanzlei f\u00fcr Datenschutzrecht\" \/>\n<meta property=\"og:description\" content=\"Rechtsanw\u00e4ltin Karen Sokoll, LLM (London) &nbsp; &nbsp; Meinen Lebenslauf k\u00f6nnen Sie hier abrufen. &nbsp; Eine Liste meiner Ver\u00f6ffentlichungen k\u00f6nnen Sie hier abrufen. &nbsp; Ich bin Mitglied der Gesellschaft f\u00fcr Datenschutz und Datensicherheit e.V. (GDD). &nbsp; &nbsp; &nbsp; &nbsp;\" \/>\n<meta property=\"og:url\" content=\"https:\/\/www.kanzlei-arete.de\/de\/anwaeltin\/\" \/>\n<meta property=\"og:site_name\" content=\"ARET\u00c9 | Kanzlei f\u00fcr Datenschutzrecht\" \/>\n<meta property=\"article:modified_time\" content=\"2026-02-19T12:01:17+00:00\" \/>\n<meta name=\"twitter:card\" content=\"summary_large_image\" \/>\n<meta name=\"twitter:label1\" content=\"Gesch\u00e4tzte Lesezeit\" \/>\n\t<meta name=\"twitter:data1\" content=\"1\u00a0Minute\" \/>\n<script type=\"application\/ld+json\" class=\"yoast-schema-graph\">{\"@context\":\"https:\\\/\\\/schema.org\",\"@graph\":[{\"@type\":\"WebPage\",\"@id\":\"https:\\\/\\\/www.kanzlei-arete.de\\\/de\\\/anwaeltin\\\/\",\"url\":\"https:\\\/\\\/www.kanzlei-arete.de\\\/de\\\/anwaeltin\\\/\",\"name\":\"Anw\u00e4ltin - ARET\u00c9 | Kanzlei f\u00fcr Datenschutzrecht\",\"isPartOf\":{\"@id\":\"https:\\\/\\\/www.kanzlei-arete.de\\\/de\\\/#website\"},\"datePublished\":\"2020-03-05T21:58:17+00:00\",\"dateModified\":\"2026-02-19T12:01:17+00:00\",\"breadcrumb\":{\"@id\":\"https:\\\/\\\/www.kanzlei-arete.de\\\/de\\\/anwaeltin\\\/#breadcrumb\"},\"inLanguage\":\"de\",\"potentialAction\":[{\"@type\":\"ReadAction\",\"target\":[\"https:\\\/\\\/www.kanzlei-arete.de\\\/de\\\/anwaeltin\\\/\"]}]},{\"@type\":\"BreadcrumbList\",\"@id\":\"https:\\\/\\\/www.kanzlei-arete.de\\\/de\\\/anwaeltin\\\/#breadcrumb\",\"itemListElement\":[{\"@type\":\"ListItem\",\"position\":1,\"name\":\"Startseite\",\"item\":\"https:\\\/\\\/www.kanzlei-arete.de\\\/de\\\/\"},{\"@type\":\"ListItem\",\"position\":2,\"name\":\"Anw\u00e4ltin\"}]},{\"@type\":\"WebSite\",\"@id\":\"https:\\\/\\\/www.kanzlei-arete.de\\\/de\\\/#website\",\"url\":\"https:\\\/\\\/www.kanzlei-arete.de\\\/de\\\/\",\"name\":\"ARET\u00c9 | Kanzlei f\u00fcr Datenschutzrecht\",\"description\":\"Kanzlei f\u00fcr Datenschutzrecht\",\"publisher\":{\"@id\":\"https:\\\/\\\/www.kanzlei-arete.de\\\/de\\\/#organization\"},\"potentialAction\":[{\"@type\":\"SearchAction\",\"target\":{\"@type\":\"EntryPoint\",\"urlTemplate\":\"https:\\\/\\\/www.kanzlei-arete.de\\\/de\\\/?s={search_term_string}\"},\"query-input\":{\"@type\":\"PropertyValueSpecification\",\"valueRequired\":true,\"valueName\":\"search_term_string\"}}],\"inLanguage\":\"de\"},{\"@type\":\"Organization\",\"@id\":\"https:\\\/\\\/www.kanzlei-arete.de\\\/de\\\/#organization\",\"name\":\"ARET\u00c9 | Kanzlei f\u00fcr Datenschutzrecht\",\"url\":\"https:\\\/\\\/www.kanzlei-arete.de\\\/de\\\/\",\"logo\":{\"@type\":\"ImageObject\",\"inLanguage\":\"de\",\"@id\":\"https:\\\/\\\/www.kanzlei-arete.de\\\/de\\\/#\\\/schema\\\/logo\\\/image\\\/\",\"url\":\"https:\\\/\\\/www.kanzlei-arete.de\\\/de\\\/wp-content\\\/uploads\\\/sites\\\/6\\\/2020\\\/09\\\/favicon.png\",\"contentUrl\":\"https:\\\/\\\/www.kanzlei-arete.de\\\/de\\\/wp-content\\\/uploads\\\/sites\\\/6\\\/2020\\\/09\\\/favicon.png\",\"width\":454,\"height\":413,\"caption\":\"ARET\u00c9 | Kanzlei f\u00fcr Datenschutzrecht\"},\"image\":{\"@id\":\"https:\\\/\\\/www.kanzlei-arete.de\\\/de\\\/#\\\/schema\\\/logo\\\/image\\\/\"}}]}<\/script>\n<!-- \/ Yoast SEO plugin. -->","yoast_head_json":{"title":"Anw\u00e4ltin - ARET\u00c9 | Kanzlei f\u00fcr Datenschutzrecht","robots":{"index":"index","follow":"follow","max-snippet":"max-snippet:-1","max-image-preview":"max-image-preview:large","max-video-preview":"max-video-preview:-1"},"canonical":"https:\/\/www.kanzlei-arete.de\/de\/anwaeltin\/","og_locale":"de_DE","og_type":"article","og_title":"Anw\u00e4ltin - ARET\u00c9 | Kanzlei f\u00fcr Datenschutzrecht","og_description":"Rechtsanw\u00e4ltin Karen Sokoll, LLM (London) &nbsp; &nbsp; Meinen Lebenslauf k\u00f6nnen Sie hier abrufen. &nbsp; Eine Liste meiner Ver\u00f6ffentlichungen k\u00f6nnen Sie hier abrufen. &nbsp; Ich bin Mitglied der Gesellschaft f\u00fcr Datenschutz und Datensicherheit e.V. (GDD). &nbsp; &nbsp; &nbsp; &nbsp;","og_url":"https:\/\/www.kanzlei-arete.de\/de\/anwaeltin\/","og_site_name":"ARET\u00c9 | Kanzlei f\u00fcr Datenschutzrecht","article_modified_time":"2026-02-19T12:01:17+00:00","twitter_card":"summary_large_image","twitter_misc":{"Gesch\u00e4tzte Lesezeit":"1\u00a0Minute"},"schema":{"@context":"https:\/\/schema.org","@graph":[{"@type":"WebPage","@id":"https:\/\/www.kanzlei-arete.de\/de\/anwaeltin\/","url":"https:\/\/www.kanzlei-arete.de\/de\/anwaeltin\/","name":"Anw\u00e4ltin - ARET\u00c9 | Kanzlei f\u00fcr Datenschutzrecht","isPartOf":{"@id":"https:\/\/www.kanzlei-arete.de\/de\/#website"},"datePublished":"2020-03-05T21:58:17+00:00","dateModified":"2026-02-19T12:01:17+00:00","breadcrumb":{"@id":"https:\/\/www.kanzlei-arete.de\/de\/anwaeltin\/#breadcrumb"},"inLanguage":"de","potentialAction":[{"@type":"ReadAction","target":["https:\/\/www.kanzlei-arete.de\/de\/anwaeltin\/"]}]},{"@type":"BreadcrumbList","@id":"https:\/\/www.kanzlei-arete.de\/de\/anwaeltin\/#breadcrumb","itemListElement":[{"@type":"ListItem","position":1,"name":"Startseite","item":"https:\/\/www.kanzlei-arete.de\/de\/"},{"@type":"ListItem","position":2,"name":"Anw\u00e4ltin"}]},{"@type":"WebSite","@id":"https:\/\/www.kanzlei-arete.de\/de\/#website","url":"https:\/\/www.kanzlei-arete.de\/de\/","name":"ARET\u00c9 | Kanzlei f\u00fcr Datenschutzrecht","description":"Kanzlei f\u00fcr Datenschutzrecht","publisher":{"@id":"https:\/\/www.kanzlei-arete.de\/de\/#organization"},"potentialAction":[{"@type":"SearchAction","target":{"@type":"EntryPoint","urlTemplate":"https:\/\/www.kanzlei-arete.de\/de\/?s={search_term_string}"},"query-input":{"@type":"PropertyValueSpecification","valueRequired":true,"valueName":"search_term_string"}}],"inLanguage":"de"},{"@type":"Organization","@id":"https:\/\/www.kanzlei-arete.de\/de\/#organization","name":"ARET\u00c9 | Kanzlei f\u00fcr Datenschutzrecht","url":"https:\/\/www.kanzlei-arete.de\/de\/","logo":{"@type":"ImageObject","inLanguage":"de","@id":"https:\/\/www.kanzlei-arete.de\/de\/#\/schema\/logo\/image\/","url":"https:\/\/www.kanzlei-arete.de\/de\/wp-content\/uploads\/sites\/6\/2020\/09\/favicon.png","contentUrl":"https:\/\/www.kanzlei-arete.de\/de\/wp-content\/uploads\/sites\/6\/2020\/09\/favicon.png","width":454,"height":413,"caption":"ARET\u00c9 | Kanzlei f\u00fcr Datenschutzrecht"},"image":{"@id":"https:\/\/www.kanzlei-arete.de\/de\/#\/schema\/logo\/image\/"}}]}},"_links":{"self":[{"href":"https:\/\/www.kanzlei-arete.de\/de\/wp-json\/wp\/v2\/pages\/12","targetHints":{"allow":["GET"]}}],"collection":[{"href":"https:\/\/www.kanzlei-arete.de\/de\/wp-json\/wp\/v2\/pages"}],"about":[{"href":"https:\/\/www.kanzlei-arete.de\/de\/wp-json\/wp\/v2\/types\/page"}],"author":[{"embeddable":true,"href":"https:\/\/www.kanzlei-arete.de\/de\/wp-json\/wp\/v2\/users\/1"}],"replies":[{"embeddable":true,"href":"https:\/\/www.kanzlei-arete.de\/de\/wp-json\/wp\/v2\/comments?post=12"}],"version-history":[{"count":62,"href":"https:\/\/www.kanzlei-arete.de\/de\/wp-json\/wp\/v2\/pages\/12\/revisions"}],"predecessor-version":[{"id":22352,"href":"https:\/\/www.kanzlei-arete.de\/de\/wp-json\/wp\/v2\/pages\/12\/revisions\/22352"}],"wp:attachment":[{"href":"https:\/\/www.kanzlei-arete.de\/de\/wp-json\/wp\/v2\/media?parent=12"}],"curies":[{"name":"wp","href":"https:\/\/api.w.org\/{rel}","templated":true}]}}