{"id":26,"date":"2020-03-05T22:08:24","date_gmt":"2020-03-05T22:08:24","guid":{"rendered":"https:\/\/www.kanzlei-arete.de\/?page_id=26"},"modified":"2025-02-28T11:31:56","modified_gmt":"2025-02-28T11:31:56","slug":"legal-notice","status":"publish","type":"page","link":"https:\/\/www.kanzlei-arete.de\/en\/legal-notice\/","title":{"rendered":"Legal Notice"},"content":{"rendered":"<h3><strong>Legal Notice<\/strong><\/h3>\n<p>&nbsp;<\/p>\n<p>Information about the Service Provider according to Section 5 German Digital Services Act (DDG)<\/p>\n<p>&nbsp;<\/p>\n<p><strong>Owner of this website and responsible for the content<\/strong><\/p>\n<p>&nbsp;<\/p>\n<p>Rechtsanw\u00e4ltin Karen Sokoll, LLM (London)<\/p>\n<p>&nbsp;<\/p>\n<p>Kanzlei ARET\u00c9<\/p>\n<p>Dircksenstra\u00dfe 52 (Am Hackeschen Markt)<\/p>\n<p>D-10178 Berlin<\/p>\n<p>&nbsp;<\/p>\n<p>Phone: +49-30-555 70 45 1<\/p>\n<p>Fax: \u00a0\u00a0 \u00a0 +49-30-555 70 45 11<\/p>\n<p>&nbsp;<\/p>\n<p>e-Mail: info@kanzlei-arete.de<\/p>\n<p>&nbsp;<\/p>\n<p>Internet: www.kanzlei-arete.de<\/p>\n<p>&nbsp;<\/p>\n<p>VAT identification number: DE 74 926 345 012<\/p>\n<p>&nbsp;<\/p>\n<p>The admittance to the bar and professional title &#8222;Rechtsanw\u00e4ltin&#8220; was awarded in Germany. It is awarded on the basis of Federal German legal provisions by the respective competent (Land) Ministry of Justice after passing the 2nd state examination in law and a special admission procedure by the President of the Higher Regional Court responsible for its seat (see below under Chambers of Lawyers \/ Supervisory Authorities).<\/p>\n<p>&nbsp;<\/p>\n<p>Karen Sokoll is a member of the following Bar Association which acts as a supervisory authority for her:<\/p>\n<p>&nbsp;<\/p>\n<p>Rechtsanwaltskammer f\u00fcr den Kammergerichtsbezirk Berlin<\/p>\n<p>Littenstra\u00dfe 9<\/p>\n<p>D-10179 Berlin<\/p>\n<p>&nbsp;<\/p>\n<p>Phone: (49) 30 3069310<\/p>\n<p>Fax: (49) 30 30693199<\/p>\n<p>&nbsp;<\/p>\n<p>Internet: www.rak-berlin.de<\/p>\n<p>&nbsp;<\/p>\n<p><strong>Professional regulations<\/strong><\/p>\n<p>&nbsp;<\/p>\n<p>The relevant professional regulations are essentially the Federal Lawyers&#8216; Act (BRAO), the Professional Code of Conduct for Lawyers (BORA), the Rules on Certified Specialist Lawyers (FAO), the Lawyers&#8216; Fees Act (RVG) as well as the professional regulations for lawyers in the European Union. German texts of these and further applicable rules may be found on the website of Bundesrechtsanwaltskammer (Federal Chamber of Lawyers) at www.brak.de, section &#8222;<a href=\"https:\/\/brak.de\/fuer-anwaelte\/berufsrecht\/\" target=\"_blank\" rel=\"noopener noreferrer\">Berufsrecht<\/a>&#8222;.<\/p>\n<p>&nbsp;<\/p>\n<p><strong>Professional liability insurance<\/strong><\/p>\n<p>&nbsp;<\/p>\n<p>Allianz Versicherungs-Aktiengesellschaft, K\u00f6niginstr. 28, 80802 M\u00fcnchen<\/p>\n<p>&nbsp;<\/p>\n<p>The territorial scope is the European Union and countries of the Agreement on the European Economic Area.<\/p>\n<p>&nbsp;<\/p>\n<p><strong>Responsible for editorial content<\/strong><\/p>\n<p>&nbsp;<\/p>\n<p>Rechtsanw\u00e4ltin Karen Sokoll<\/p>\n<p>&nbsp;<\/p>\n<p><strong>General Information \u2013 Arbitration Board for Consumers<\/strong><\/p>\n<p>&nbsp;<\/p>\n<p>Any disputes involving an economic interest arising from the mandate relationship may be referred to the arbitration board of the law association (Schlichtungsstelle der Rechtsanwaltschaft), Rauchstra\u00dfe 26, D-10787 Berlin. Further information is available at <a href=\"https:\/\/www.schlichtungsstelle-der-rechtsanwaltschaft.de\/\">https:\/\/www.schlichtungsstelle-der-rechtsanwaltschaft.de\/<\/a>. Rechtsanw\u00e4ltin Sokoll is willing to participate in such an alternative dispute resolution proceeding before this arbitration board.<\/p>\n<p>&nbsp;<\/p>\n<p><strong>Picture credits:<\/strong><\/p>\n<p>&nbsp;<\/p>\n<p>Portrait photo: Jakob &#038; Luisa Fotoatelier<\/p>\n<p>&nbsp;<\/p>\n<p>Furthermore: own<\/p>\n<p>&nbsp;<\/p>\n<p>&nbsp;<\/p>\n","protected":false},"excerpt":{"rendered":"<p>Legal Notice &nbsp; Information about the Service Provider according to Section 5 German Digital Services Act (DDG) &nbsp; Owner of this website and responsible for the content &nbsp; Rechtsanw\u00e4ltin Karen Sokoll, LLM (London) &nbsp; Kanzlei ARET\u00c9 Dircksenstra\u00dfe 52 (Am Hackeschen Markt) D-10178 Berlin &nbsp; Phone: +49-30-555 70 45 1 Fax:&#8230;<\/p>\n","protected":false},"author":1,"featured_media":0,"parent":0,"menu_order":0,"comment_status":"closed","ping_status":"closed","template":"","meta":{"footnotes":""},"class_list":["post-26","page","type-page","status-publish","hentry"],"yoast_head":"<!-- This site is optimized with the Yoast SEO plugin v27.5 - https:\/\/yoast.com\/product\/yoast-seo-wordpress\/ -->\n<title>Legal Notice - ARET\u00c9 | Data Protection Law Firm<\/title>\n<meta name=\"robots\" content=\"index, follow, max-snippet:-1, max-image-preview:large, max-video-preview:-1\" \/>\n<link rel=\"canonical\" href=\"https:\/\/www.kanzlei-arete.de\/en\/legal-notice\/\" \/>\n<meta property=\"og:locale\" content=\"de_DE\" \/>\n<meta property=\"og:type\" content=\"article\" \/>\n<meta property=\"og:title\" content=\"Legal Notice - ARET\u00c9 | Data Protection Law Firm\" \/>\n<meta property=\"og:description\" content=\"Legal Notice &nbsp; Information about the Service Provider according to Section 5 German Digital Services Act (DDG) &nbsp; Owner of this website and responsible for the content &nbsp; Rechtsanw\u00e4ltin Karen Sokoll, LLM (London) &nbsp; Kanzlei ARET\u00c9 Dircksenstra\u00dfe 52 (Am Hackeschen Markt) D-10178 Berlin &nbsp; Phone: +49-30-555 70 45 1 Fax:...\" \/>\n<meta property=\"og:url\" content=\"https:\/\/www.kanzlei-arete.de\/en\/legal-notice\/\" \/>\n<meta property=\"og:site_name\" content=\"ARET\u00c9 | Data Protection Law Firm\" \/>\n<meta property=\"article:modified_time\" content=\"2025-02-28T11:31:56+00:00\" \/>\n<meta name=\"twitter:card\" content=\"summary_large_image\" \/>\n<meta name=\"twitter:label1\" content=\"Gesch\u00e4tzte Lesezeit\" \/>\n\t<meta name=\"twitter:data1\" content=\"2\u00a0Minuten\" \/>\n<script type=\"application\/ld+json\" class=\"yoast-schema-graph\">{\"@context\":\"https:\\\/\\\/schema.org\",\"@graph\":[{\"@type\":\"WebPage\",\"@id\":\"https:\\\/\\\/www.kanzlei-arete.de\\\/en\\\/legal-notice\\\/\",\"url\":\"https:\\\/\\\/www.kanzlei-arete.de\\\/en\\\/legal-notice\\\/\",\"name\":\"Legal Notice - ARET\u00c9 | Data Protection Law Firm\",\"isPartOf\":{\"@id\":\"https:\\\/\\\/www.kanzlei-arete.de\\\/en\\\/#website\"},\"datePublished\":\"2020-03-05T22:08:24+00:00\",\"dateModified\":\"2025-02-28T11:31:56+00:00\",\"breadcrumb\":{\"@id\":\"https:\\\/\\\/www.kanzlei-arete.de\\\/en\\\/legal-notice\\\/#breadcrumb\"},\"inLanguage\":\"de\",\"potentialAction\":[{\"@type\":\"ReadAction\",\"target\":[\"https:\\\/\\\/www.kanzlei-arete.de\\\/en\\\/legal-notice\\\/\"]}]},{\"@type\":\"BreadcrumbList\",\"@id\":\"https:\\\/\\\/www.kanzlei-arete.de\\\/en\\\/legal-notice\\\/#breadcrumb\",\"itemListElement\":[{\"@type\":\"ListItem\",\"position\":1,\"name\":\"Startseite\",\"item\":\"https:\\\/\\\/www.kanzlei-arete.de\\\/en\\\/\"},{\"@type\":\"ListItem\",\"position\":2,\"name\":\"Legal Notice\"}]},{\"@type\":\"WebSite\",\"@id\":\"https:\\\/\\\/www.kanzlei-arete.de\\\/en\\\/#website\",\"url\":\"https:\\\/\\\/www.kanzlei-arete.de\\\/en\\\/\",\"name\":\"ARET\u00c9 | Data Protection Law Firm\",\"description\":\"Data Protection Law Firm\",\"potentialAction\":[{\"@type\":\"SearchAction\",\"target\":{\"@type\":\"EntryPoint\",\"urlTemplate\":\"https:\\\/\\\/www.kanzlei-arete.de\\\/en\\\/?s={search_term_string}\"},\"query-input\":{\"@type\":\"PropertyValueSpecification\",\"valueRequired\":true,\"valueName\":\"search_term_string\"}}],\"inLanguage\":\"de\"}]}<\/script>\n<!-- \/ Yoast SEO plugin. -->","yoast_head_json":{"title":"Legal Notice - ARET\u00c9 | Data Protection Law Firm","robots":{"index":"index","follow":"follow","max-snippet":"max-snippet:-1","max-image-preview":"max-image-preview:large","max-video-preview":"max-video-preview:-1"},"canonical":"https:\/\/www.kanzlei-arete.de\/en\/legal-notice\/","og_locale":"de_DE","og_type":"article","og_title":"Legal Notice - ARET\u00c9 | Data Protection Law Firm","og_description":"Legal Notice &nbsp; Information about the Service Provider according to Section 5 German Digital Services Act (DDG) &nbsp; Owner of this website and responsible for the content &nbsp; Rechtsanw\u00e4ltin Karen Sokoll, LLM (London) &nbsp; Kanzlei ARET\u00c9 Dircksenstra\u00dfe 52 (Am Hackeschen Markt) D-10178 Berlin &nbsp; Phone: +49-30-555 70 45 1 Fax:...","og_url":"https:\/\/www.kanzlei-arete.de\/en\/legal-notice\/","og_site_name":"ARET\u00c9 | Data Protection Law Firm","article_modified_time":"2025-02-28T11:31:56+00:00","twitter_card":"summary_large_image","twitter_misc":{"Gesch\u00e4tzte Lesezeit":"2\u00a0Minuten"},"schema":{"@context":"https:\/\/schema.org","@graph":[{"@type":"WebPage","@id":"https:\/\/www.kanzlei-arete.de\/en\/legal-notice\/","url":"https:\/\/www.kanzlei-arete.de\/en\/legal-notice\/","name":"Legal Notice - ARET\u00c9 | Data Protection Law Firm","isPartOf":{"@id":"https:\/\/www.kanzlei-arete.de\/en\/#website"},"datePublished":"2020-03-05T22:08:24+00:00","dateModified":"2025-02-28T11:31:56+00:00","breadcrumb":{"@id":"https:\/\/www.kanzlei-arete.de\/en\/legal-notice\/#breadcrumb"},"inLanguage":"de","potentialAction":[{"@type":"ReadAction","target":["https:\/\/www.kanzlei-arete.de\/en\/legal-notice\/"]}]},{"@type":"BreadcrumbList","@id":"https:\/\/www.kanzlei-arete.de\/en\/legal-notice\/#breadcrumb","itemListElement":[{"@type":"ListItem","position":1,"name":"Startseite","item":"https:\/\/www.kanzlei-arete.de\/en\/"},{"@type":"ListItem","position":2,"name":"Legal Notice"}]},{"@type":"WebSite","@id":"https:\/\/www.kanzlei-arete.de\/en\/#website","url":"https:\/\/www.kanzlei-arete.de\/en\/","name":"ARET\u00c9 | Data Protection Law Firm","description":"Data Protection Law Firm","potentialAction":[{"@type":"SearchAction","target":{"@type":"EntryPoint","urlTemplate":"https:\/\/www.kanzlei-arete.de\/en\/?s={search_term_string}"},"query-input":{"@type":"PropertyValueSpecification","valueRequired":true,"valueName":"search_term_string"}}],"inLanguage":"de"}]}},"_links":{"self":[{"href":"https:\/\/www.kanzlei-arete.de\/en\/wp-json\/wp\/v2\/pages\/26","targetHints":{"allow":["GET"]}}],"collection":[{"href":"https:\/\/www.kanzlei-arete.de\/en\/wp-json\/wp\/v2\/pages"}],"about":[{"href":"https:\/\/www.kanzlei-arete.de\/en\/wp-json\/wp\/v2\/types\/page"}],"author":[{"embeddable":true,"href":"https:\/\/www.kanzlei-arete.de\/en\/wp-json\/wp\/v2\/users\/1"}],"replies":[{"embeddable":true,"href":"https:\/\/www.kanzlei-arete.de\/en\/wp-json\/wp\/v2\/comments?post=26"}],"version-history":[{"count":51,"href":"https:\/\/www.kanzlei-arete.de\/en\/wp-json\/wp\/v2\/pages\/26\/revisions"}],"predecessor-version":[{"id":22395,"href":"https:\/\/www.kanzlei-arete.de\/en\/wp-json\/wp\/v2\/pages\/26\/revisions\/22395"}],"wp:attachment":[{"href":"https:\/\/www.kanzlei-arete.de\/en\/wp-json\/wp\/v2\/media?parent=26"}],"curies":[{"name":"wp","href":"https:\/\/api.w.org\/{rel}","templated":true}]}}